{"id":1311,"date":"2016-06-27T13:23:20","date_gmt":"2016-06-27T11:23:20","guid":{"rendered":"https:\/\/explore360.nu\/about-us\/"},"modified":"2026-04-26T09:42:16","modified_gmt":"2026-04-26T07:42:16","slug":"over-ons","status":"publish","type":"page","link":"https:\/\/explore360.nu\/nl\/over-ons\/","title":{"rendered":"Het team"},"content":{"rendered":"<p><img loading=\"lazy\" decoding=\"async\" class=\"alignnone wp-image-64\" src=\"http:\/\/explore360.nu\/wp-content\/uploads\/2016\/06\/explore360_destination_01_11.png\" alt=\"explore360_destination_01_11\" width=\"77\" height=\"62\" \/> We delen de passie voor reizen op de motor en we zijn altijd op zoek naar nieuwe uitdagingen! Je kunt met ons mee voor een week of langer en ons doel is om je een echte <span style=\"color: #9c1e1e;\"><em>overland<\/em><span style=\"color: #000000;\">-ervaring<\/span><\/span> te geven: <em>buiten de gebaande paden en vol avontuur<\/em>!<\/p>\n<p>We geloven dat avontuur je leven veranderd! Motorrijden gaat over het gevoel van ultieme vrijheid en flexibiliteit. Dus tijdens onze tours kun je de gids volgen, maar je bent ook vrij om in je eigen tempo te rijden, op je eigen manier en te beslissen waar en wanneer je wilt stoppen om foto&#8217;s te maken. We hebben een sweeper of een volgauto en de rest is geregeld. Dus geen zorgen over waar te slapen, of als je een lekke band krijgt.<\/p>\n<p>We willen mensen die hun dagelijkse leven doorbrengen in vergaderingen en achter de computer, om mensen te ontmoeten met verwondering in hun ogen. Die van het land leven. Mensen die gelukkig zijn. Het maakt je bescheiden en het werkt inspirerend. Onze reizen zijn een tegengif tegen het moderne gejaagde leven. We hebben geen flatscreen-tv of WiFi nodig tijdens onze tours (al hebben dat laatste regelmatig ;). Onze avonturen gaan over meer dan adrenaline. Meer dan alleen passeren op je motor. Door te overnachten, te lunchen\u00a0of te stoppen voor een koffie pauze bij lokale families, stimuleren we de lokale economie zoveel mogelijk. Het land met zijn eigen cultuur en natuur zelf proeven en ervaren.<\/p>\n<p>Bezoek ook onze <a href=\"https:\/\/explore360.nu\/nl\/reviews\/\" target=\"_blank\" rel=\"noopener noreferrer\"><span style=\"color: #c92a2a;\">review-pagina<\/span><\/a> om te lezen wat andere deelnemers over onze tours zeggen.<\/p>\n<p><a href=\"https:\/\/www.kammarkollegiet.se\/engelska\/start\/all-services\/search-travel-guarantees\" target=\"_blank\" rel=\"noopener noreferrer\"><img loading=\"lazy\" decoding=\"async\" class=\"size-full wp-image-1065 alignnone\" src=\"https:\/\/explore360.nu\/wp-content\/uploads\/2018\/01\/Screen-Shot-2018-01-16-at-12.01.39.png\" alt=\"\" width=\"190\" height=\"95\" \/><\/a><\/p>\n<p>Boek met vertrouwen &#8211; wij zijn een Zweeds bedrijf en uw geld is 100% gegarandeerd want we hebben een (verplicht bij Zweedse wet) <a href=\"https:\/\/www.kammarkollegiet.se\/engelska\/start\/all-services\/search-travel-guarantees\" target=\"_blank\" rel=\"noopener noreferrer\"><span style=\"color: #800000;\"><span style=\"color: #c92a2a;\">reisgarantie<\/span><\/span><\/a> bij het Zweedse<em> Juridische, Financi\u00eble en Administratieve Diensten<\/em>\u00a0<em>Bureau\u00a0<\/em>(<span style=\"color: #c92a2a;\"><a style=\"color: #c92a2a;\" href=\"https:\/\/www.kammarkollegiet.se\/engelska\/start\/all-services\/search-travel-guarantees\" target=\"_blank\" rel=\"noopener noreferrer\">Kammarkollegiet<\/a><\/span>).<\/p>\n<p>&nbsp;<\/p>\n<h4><img loading=\"lazy\" decoding=\"async\" class=\"alignleft wp-image-1276 size-full\" style=\"font-weight: 400;\" src=\"https:\/\/explore360.nu\/wp-content\/uploads\/2018\/03\/Chris-Wilthuis_Guide-owner-Explore360\u00b0.jpg\" alt=\"\" width=\"962\" height=\"675\" srcset=\"https:\/\/explore360.nu\/wp-content\/uploads\/2018\/03\/Chris-Wilthuis_Guide-owner-Explore360\u00b0.jpg 962w, https:\/\/explore360.nu\/wp-content\/uploads\/2018\/03\/Chris-Wilthuis_Guide-owner-Explore360\u00b0-300x210.jpg 300w, https:\/\/explore360.nu\/wp-content\/uploads\/2018\/03\/Chris-Wilthuis_Guide-owner-Explore360\u00b0-768x539.jpg 768w, https:\/\/explore360.nu\/wp-content\/uploads\/2018\/03\/Chris-Wilthuis_Guide-owner-Explore360\u00b0-800x561.jpg 800w\" sizes=\"auto, (max-width: 962px) 100vw, 962px\" \/>CHRIS WILTHUIS &#8211; OWNER \/ TOURGIDS<\/h4>\n<p>Twee passies: reizen en motorrijden. Een onverslaanbare combinatie die me in de afgelopen vijftien jaar naar meer dan 60 landen bracht op de motor. Het meest geniet ik van het echt in het nu zijn, wanneer m&#8217;n motor, de weg, de omgeving en ikzelf in harmonie met elkaar zijn. Reizen betekent voor mij het verbreden van m&#8217;n horizon, het ontmoeten van het onbekende en nieuwe mensen. Het liefst met een grote verscheidenheid aan culturen, levensstijlen, landschappen om het als een echt avontuur te ervaren.<\/p>\n<p>In 2011 be\u00ebindigde ik mijn 20-jarige loopbaan als\u00a0<span style=\"text-decoration: underline;\"><a href=\"https:\/\/www.linkedin.com\/in\/chris-wilthuis-800802a?trk=nav_responsive_tab_profile_pic\" target=\"_blank\" rel=\"noopener noreferrer\">officier in de Nederlandse Luchtmacht<\/a><\/span>\u00a0en emigreerde naar Zweden. Slechts 39 jaar &#8220;jong&#8221;, besloot ik de sprong te wagen en mijn passies te combineren met mijn eerdere werkervaring bij Defensie en meer dan 20 jaar reiservaring over de hele wereld. Tot nu toe, geen enkele dag spijt van gehad en alleen maar meer zin om om die verborgen schatten van onze prachtige planeet te verkennen!<\/p>\n<h4>AARON MITCHELL &#8211; TOURGIDS<\/h4>\n<p><img loading=\"lazy\" decoding=\"async\" class=\"alignleft size-medium wp-image-1574\" src=\"https:\/\/explore360.nu\/wp-content\/uploads\/2018\/04\/Pic-Aaron-Mitchell-300x225.jpeg\" alt=\"\" width=\"300\" height=\"225\" srcset=\"https:\/\/explore360.nu\/wp-content\/uploads\/2018\/04\/Pic-Aaron-Mitchell-300x225.jpeg 300w, https:\/\/explore360.nu\/wp-content\/uploads\/2018\/04\/Pic-Aaron-Mitchell-768x576.jpeg 768w, https:\/\/explore360.nu\/wp-content\/uploads\/2018\/04\/Pic-Aaron-Mitchell-1024x768.jpeg 1024w, https:\/\/explore360.nu\/wp-content\/uploads\/2018\/04\/Pic-Aaron-Mitchell-800x600.jpeg 800w, https:\/\/explore360.nu\/wp-content\/uploads\/2018\/04\/Pic-Aaron-Mitchell-1280x960.jpeg 1280w\" sizes=\"auto, (max-width: 300px) 100vw, 300px\" \/><\/p>\n<p>Zijn passie voor reizen kwam al op jonge leeftijd en dat leidde ertoe dat hij op zijn 18e in het Britse leger ging. Het grootste deel van zijn beroepsleven draaide rond het militaire werk in verschillende landen, zoals Irak, Koeweit en Afghanistan.<br \/>\nDaarnaast heeft hij de hele wereld rondgereisd op twee verschillende reizen, waarvan de laatste in 2017 per motorfiets. Hij verliet Engeland oostwaarts richting Siberi\u00eb en Mongoli\u00eb om vervolgens via Canada en Zuid Amerika, terug te keren naar Europa. Deze solo-reis duurde 505 dagen, goed voor een totaal van 52.000 km.<br \/>\nAls hij niet op z&#8217;n motorfiets is, kun je hem vinden in de bergen, hiking, klimmen of snowboarden. Hij is Engels en een groot liefhebber van thee! Je kunt zijn v\/blog hier volgen\u00a0<a href=\"http:\/\/www.aaronmitchell.net\/\" target=\"_blank\" rel=\"noopener noreferrer\"><span style=\"color: #ff0000;\"><span style=\"color: #9c1e1e;\">&gt;&gt;&gt;<\/span><\/span><\/a><\/p>\n<h4>PAULI J\u00d8RGENSEN &#8211; TOURGIDS<\/h4>\n<h4><img loading=\"lazy\" decoding=\"async\" class=\"alignleft wp-image-2737 size-medium\" src=\"https:\/\/explore360.nu\/wp-content\/uploads\/2020\/02\/Pauli-e1581274891303-265x300.jpg\" alt=\"\" width=\"265\" height=\"300\" srcset=\"https:\/\/explore360.nu\/wp-content\/uploads\/2020\/02\/Pauli-e1581274891303-265x300.jpg 265w, https:\/\/explore360.nu\/wp-content\/uploads\/2020\/02\/Pauli-e1581274891303-903x1024.jpg 903w, https:\/\/explore360.nu\/wp-content\/uploads\/2020\/02\/Pauli-e1581274891303-768x871.jpg 768w, https:\/\/explore360.nu\/wp-content\/uploads\/2020\/02\/Pauli-e1581274891303-1355x1536.jpg 1355w, https:\/\/explore360.nu\/wp-content\/uploads\/2020\/02\/Pauli-e1581274891303-1806x2048.jpg 1806w, https:\/\/explore360.nu\/wp-content\/uploads\/2020\/02\/Pauli-e1581274891303-706x800.jpg 706w, https:\/\/explore360.nu\/wp-content\/uploads\/2020\/02\/Pauli-e1581274891303-1129x1280.jpg 1129w\" sizes=\"auto, (max-width: 265px) 100vw, 265px\" \/><\/h4>\n<p>Hij begon zijn carri\u00e8re in <em>Adventure Motorbiking<\/em> al vroeg. Op 21-jarige leeftijd reed hij de klassieke overland-route door Europa, Midden-Oosten, India, Zuidoost-Oost Azi\u00eb helemaal tot Australi\u00eb. Sindsdien is er maar \u00e9\u00e9n manier voor hem om te reizen: per motorfiets.<\/p>\n<p>Van Denemarken tot Kaapstad en terug, meerdere keren de oude Parijs-Dakar-routes door West-Afrika en natuurlijk het meeste van Europa, Balkan, Oost-Europa en Scandinavi\u00eb, meer dan een keer.<\/p>\n<p>Sinds 2014 is hij een gecertificeerd BMW Motorrad-offroad-instructeur en geeft elk jaar offroad-cursussen in Denemarken.<br \/>\nZet hem op een motor in een vari\u00ebrend\/moeilijk terrein in goed gezelschap, en je zult geen klachten horen. Motorrijden, reizen en mensen ontmoeten, vindt hij het leukst!<\/p>\n<h4>ELVING SOLLI &#8211; TOURGIDS<\/h4>\n<p><a href=\"https:\/\/explore360.nu\/wp-content\/uploads\/2021\/09\/IMG_1405-1-scaled-e1632842675589.jpeg\"><img loading=\"lazy\" decoding=\"async\" class=\"wp-image-3634 size-medium alignleft\" src=\"https:\/\/explore360.nu\/wp-content\/uploads\/2021\/09\/IMG_1405-1-225x300.jpeg\" alt=\"\" width=\"225\" height=\"300\" srcset=\"https:\/\/explore360.nu\/wp-content\/uploads\/2021\/09\/IMG_1405-1-225x300.jpeg 225w, https:\/\/explore360.nu\/wp-content\/uploads\/2021\/09\/IMG_1405-1-768x1024.jpeg 768w, https:\/\/explore360.nu\/wp-content\/uploads\/2021\/09\/IMG_1405-1-1152x1536.jpeg 1152w, https:\/\/explore360.nu\/wp-content\/uploads\/2021\/09\/IMG_1405-1-1536x2048.jpeg 1536w, https:\/\/explore360.nu\/wp-content\/uploads\/2021\/09\/IMG_1405-1-600x800.jpeg 600w, https:\/\/explore360.nu\/wp-content\/uploads\/2021\/09\/IMG_1405-1-960x1280.jpeg 960w, https:\/\/explore360.nu\/wp-content\/uploads\/2021\/09\/IMG_1405-1-scaled.jpeg 1920w\" sizes=\"auto, (max-width: 225px) 100vw, 225px\" \/><\/a><\/p>\n<p>Een gravel-goeroe en een legende in Zweden en Noorwegen onder off-road liefhebbers! Hij werkte vele jaren voor SMC, de Zweedse KNMV, als tourgids en een journalist voor motorbladen.<\/p>\n<p>Tegenwoordig brengt hij zijn tijd door met zijn familie en kleinkinderen, met vissen en natuurlijk motorrijden op een van zijn vele motoren (het hele jaar door!)<\/p>\n<p>Met meer dan 40 jaar ervaring op het gebied van gravel-rijden in Zweden en Noorwegen weet hij wat rijden op onverhard als geen ander.<\/p>\n<p>Noorwegen heeft weinig geheimen voor hem als we het hebben over gravel wegen, water doorwadingen en single tracks.<\/p>\n<p>Succes gegarandeerd!<\/p>\n<h4><strong>JON HALVARSSON \u2013 TOURGIDS<\/strong><\/h4>\n<p><img loading=\"lazy\" decoding=\"async\" class=\"alignleft wp-image-952\" src=\"http:\/\/explore360.nu\/wp-content\/uploads\/2017\/11\/Jon-Halvarsson-guide-298x300-298x300.jpg\" alt=\"\" width=\"300\" height=\"302\" \/><\/p>\n<p>Van eigenaar van een peperkoekfabriek tot de mijnindustrie, Jon heeft veel ervaring in de Zweedse industrie op verschillende managementposities. Hij leerde\u00a0lopen en rijden op gravel in het hoge noorden van Zweden, maar op het asfalt is hij nog moeilijker te verslaan. Op het circuit n\u00f2g sneller en dat is zijn echte passie!<\/p>\n<p>Maar sinds hij vervroegd met pensioen ging, is hij getroffen door de reisvirus. In 2014 reed hij met drie andere jongens op de motor vanuit Zweden via China naar Thailand voor drie maanden. Daarna gevolgd door Kenia en Tanzania, Marokko, Noorwegen en IJsland. Tegenwoordig verdeelt hij als &#8220;tijdmiljonair&#8221; zijn tijd tussen zijn (klein) kinderen, circuit rijden, enduro rijden, jagen, vissen en zijn werk als tourgids.<\/p>\n<h4><\/h4>\n<p>&nbsp;<\/p>\n<h4><\/h4>\n<h4>SVERRIR THORSTEINSSON &#8211; TOURGIDS<\/h4>\n<p><img loading=\"lazy\" decoding=\"async\" class=\"alignleft wp-image-956 size-full\" src=\"http:\/\/explore360.nu\/wp-content\/uploads\/2017\/11\/Sverrir-pic-300x300.jpg\" alt=\"Sverrir\" width=\"300\" height=\"300\" srcset=\"https:\/\/explore360.nu\/wp-content\/uploads\/2017\/11\/Sverrir-pic-300x300.jpg 300w, https:\/\/explore360.nu\/wp-content\/uploads\/2017\/11\/Sverrir-pic-300x300-150x150.jpg 150w\" sizes=\"auto, (max-width: 300px) 100vw, 300px\" \/><br \/>\nTijdens zijn normale werk staat hij bekend als &#8220;<em>The Happy Boss<\/em>&#8220;, de eigenaar van\u00a0<em><span style=\"text-decoration: underline;\"><a href=\"https:\/\/www.happycampers.is\/\" target=\"_blank\" rel=\"noopener noreferrer\">Happy Campers<\/a><\/span><\/em>, het grootste camper-van verhuurbedrijf in IJsland.<\/p>\n<p>Maar motorrijden is zijn echte passie!<br \/>\nSamen met zijn broer reisde hij al twee keer rond de wereld. Eerst via Rusland en terug via de VS. De tweede keer vanuit Alaska helemaal naar Ushuaia in Patagoni\u00eb.<\/p>\n<p>Er is geen hoekje meer over op IJsland dat hij nog niet op zijn motor heeft gezien, en dat vele malen! Hij is altijd in voor avontuur en bovendien een geweldige kok.<\/p>\n<p>Dus je hebt geluk als hij meegaat als gids!<\/p>\n<p>&nbsp;<\/p>\n<h4><\/h4>\n<h4>ANNA BJ\u00d6RSSON &#8211; SUPPORT<\/h4>\n<p><img loading=\"lazy\" decoding=\"async\" class=\"alignleft size-medium wp-image-1514\" src=\"https:\/\/explore360.nu\/wp-content\/uploads\/2018\/03\/Anna-website-300x200.jpg\" alt=\"\" width=\"300\" height=\"200\" srcset=\"https:\/\/explore360.nu\/wp-content\/uploads\/2018\/03\/Anna-website-300x200.jpg 300w, https:\/\/explore360.nu\/wp-content\/uploads\/2018\/03\/Anna-website-768x512.jpg 768w, https:\/\/explore360.nu\/wp-content\/uploads\/2018\/03\/Anna-website-1024x683.jpg 1024w, https:\/\/explore360.nu\/wp-content\/uploads\/2018\/03\/Anna-website-800x534.jpg 800w, https:\/\/explore360.nu\/wp-content\/uploads\/2018\/03\/Anna-website-1280x854.jpg 1280w, https:\/\/explore360.nu\/wp-content\/uploads\/2018\/03\/Anna-website.jpg 2048w\" sizes=\"auto, (max-width: 300px) 100vw, 300px\" \/>Anna geniet altijd van reizen! Maar toen ze Chris leerde kennen, werd ze ge\u00efntroduceerd in de wereld van motoren. Dit voegde voor haar een extra dimensie toe aan het verkennen van de wereld.<\/p>\n<p>Sinds hun zes maanden durende reis door Noord-, Midden- en Zuid-Amerika op hun eigen motoren, is ze er van overtuigd dat het ontdekken van onze planeet op motor een van de beste manieren is. Dus zo vaak als mogelijk gaat ze mee als support crew of als een van de rijders.<\/p>\n<h4><\/h4>\n<h4>LOKALE GIDSEN \u2013 LOKALE STAF<\/h4>\n<p><img loading=\"lazy\" decoding=\"async\" class=\"alignleft size-medium wp-image-1294\" src=\"https:\/\/explore360.nu\/wp-content\/uploads\/2018\/03\/Screen-Shot-2018-03-01-at-18.38.06-300x241.png\" alt=\"\" width=\"300\" height=\"241\" \/><\/p>\n<p>Door gebruik te maken van lokale gidsen, kleine lokale bedrijven en accommodaties proberen we de lokale economie zoveel mogelijk te stimuleren. En dat niet alleen: ze hebben vaak veel meer kennis van de lokale omgeving. Dat geeft ons de kans om een meer unieke en authentieke ervaring te hebben!<\/p>\n<p>Als voorbeeld: we werken samen met de in Marokko welbekende, <em>Noureddine Said<\/em> (hij heeft zijn eigen motor verhuur bedrijf, www.loc2roues.com) . Hij rijdt de volgauto en onderhoudt de huurmotoren. Daarnaast kent hij Marokko als geen ander!<\/p>\n<p>&nbsp;<\/p>\n<p>&nbsp;<\/p>\n<p>&nbsp;<\/p>\n<p>&nbsp;<\/p>\n<p>&nbsp;<\/p>\n","protected":false},"excerpt":{"rendered":"<p>We delen de passie voor reizen op de motor en we zijn altijd op zoek naar nieuwe uitdagingen! Je kunt met ons mee voor een week of langer en ons doel is om je een echte overland-ervaring te geven: buiten de gebaande paden en vol avontuur! We geloven dat avontuur je leven veranderd! Motorrijden gaat [&hellip;]<\/p>\n","protected":false},"author":1,"featured_media":2443,"parent":0,"menu_order":0,"comment_status":"closed","ping_status":"closed","template":"","meta":{"_acf_changed":false,"footnotes":""},"class_list":["post-1311","page","type-page","status-publish","has-post-thumbnail","hentry"],"acf":[],"yoast_head":"<!-- This site is optimized with the Yoast SEO plugin v27.5 - https:\/\/yoast.com\/product\/yoast-seo-wordpress\/ -->\n<title>Het team - Explore360\u00b0- Motorcycle Adventures<\/title>\n<meta name=\"robots\" content=\"index, follow, max-snippet:-1, max-image-preview:large, max-video-preview:-1\" \/>\n<link rel=\"canonical\" href=\"https:\/\/explore360.nu\/nl\/over-ons\/\" \/>\n<meta property=\"og:locale\" content=\"nl_NL\" \/>\n<meta property=\"og:type\" content=\"article\" \/>\n<meta property=\"og:title\" content=\"Het team - Explore360\u00b0- Motorcycle Adventures\" \/>\n<meta property=\"og:description\" content=\"We delen de passie voor reizen op de motor en we zijn altijd op zoek naar nieuwe uitdagingen! Je kunt met ons mee voor een week of langer en ons doel is om je een echte overland-ervaring te geven: buiten de gebaande paden en vol avontuur! We geloven dat avontuur je leven veranderd! Motorrijden gaat [&hellip;]\" \/>\n<meta property=\"og:url\" content=\"https:\/\/explore360.nu\/nl\/over-ons\/\" \/>\n<meta property=\"og:site_name\" content=\"Explore360\u00b0- Motorcycle Adventures\" \/>\n<meta property=\"article:publisher\" content=\"https:\/\/www.facebook.com\/explore360\/\" \/>\n<meta property=\"article:modified_time\" content=\"2026-04-26T07:42:16+00:00\" \/>\n<meta property=\"og:image\" content=\"https:\/\/explore360.nu\/wp-content\/uploads\/2017\/11\/IMG_5056.jpg\" \/>\n\t<meta property=\"og:image:width\" content=\"3088\" \/>\n\t<meta property=\"og:image:height\" content=\"2320\" \/>\n\t<meta property=\"og:image:type\" content=\"image\/jpeg\" \/>\n<meta name=\"twitter:card\" content=\"summary_large_image\" \/>\n<meta name=\"twitter:label1\" content=\"Geschatte leestijd\" \/>\n\t<meta name=\"twitter:data1\" content=\"8 minuten\" \/>\n<script type=\"application\/ld+json\" class=\"yoast-schema-graph\">{\"@context\":\"https:\\\/\\\/schema.org\",\"@graph\":[{\"@type\":\"WebPage\",\"@id\":\"https:\\\/\\\/explore360.nu\\\/nl\\\/over-ons\\\/\",\"url\":\"https:\\\/\\\/explore360.nu\\\/nl\\\/over-ons\\\/\",\"name\":\"Het team - Explore360\u00b0- Motorcycle Adventures\",\"isPartOf\":{\"@id\":\"https:\\\/\\\/explore360.nu\\\/#website\"},\"primaryImageOfPage\":{\"@id\":\"https:\\\/\\\/explore360.nu\\\/nl\\\/over-ons\\\/#primaryimage\"},\"image\":{\"@id\":\"https:\\\/\\\/explore360.nu\\\/nl\\\/over-ons\\\/#primaryimage\"},\"thumbnailUrl\":\"https:\\\/\\\/explore360.nu\\\/wp-content\\\/uploads\\\/2017\\\/11\\\/IMG_5056.jpg\",\"datePublished\":\"2016-06-27T11:23:20+00:00\",\"dateModified\":\"2026-04-26T07:42:16+00:00\",\"breadcrumb\":{\"@id\":\"https:\\\/\\\/explore360.nu\\\/nl\\\/over-ons\\\/#breadcrumb\"},\"inLanguage\":\"nl-NL\",\"potentialAction\":[{\"@type\":\"ReadAction\",\"target\":[\"https:\\\/\\\/explore360.nu\\\/nl\\\/over-ons\\\/\"]}]},{\"@type\":\"ImageObject\",\"inLanguage\":\"nl-NL\",\"@id\":\"https:\\\/\\\/explore360.nu\\\/nl\\\/over-ons\\\/#primaryimage\",\"url\":\"https:\\\/\\\/explore360.nu\\\/wp-content\\\/uploads\\\/2017\\\/11\\\/IMG_5056.jpg\",\"contentUrl\":\"https:\\\/\\\/explore360.nu\\\/wp-content\\\/uploads\\\/2017\\\/11\\\/IMG_5056.jpg\",\"width\":3088,\"height\":2320},{\"@type\":\"BreadcrumbList\",\"@id\":\"https:\\\/\\\/explore360.nu\\\/nl\\\/over-ons\\\/#breadcrumb\",\"itemListElement\":[{\"@type\":\"ListItem\",\"position\":1,\"name\":\"Home\",\"item\":\"https:\\\/\\\/explore360.nu\\\/nl\\\/\"},{\"@type\":\"ListItem\",\"position\":2,\"name\":\"Het team\"}]},{\"@type\":\"WebSite\",\"@id\":\"https:\\\/\\\/explore360.nu\\\/#website\",\"url\":\"https:\\\/\\\/explore360.nu\\\/\",\"name\":\"Explore360\u00b0- Motorcycle Adventures\",\"description\":\"\",\"publisher\":{\"@id\":\"https:\\\/\\\/explore360.nu\\\/#organization\"},\"potentialAction\":[{\"@type\":\"SearchAction\",\"target\":{\"@type\":\"EntryPoint\",\"urlTemplate\":\"https:\\\/\\\/explore360.nu\\\/?s={search_term_string}\"},\"query-input\":{\"@type\":\"PropertyValueSpecification\",\"valueRequired\":true,\"valueName\":\"search_term_string\"}}],\"inLanguage\":\"nl-NL\"},{\"@type\":\"Organization\",\"@id\":\"https:\\\/\\\/explore360.nu\\\/#organization\",\"name\":\"explore360\",\"url\":\"https:\\\/\\\/explore360.nu\\\/\",\"logo\":{\"@type\":\"ImageObject\",\"inLanguage\":\"nl-NL\",\"@id\":\"https:\\\/\\\/explore360.nu\\\/#\\\/schema\\\/logo\\\/image\\\/\",\"url\":\"https:\\\/\\\/explore360.nu\\\/wp-content\\\/uploads\\\/2020\\\/05\\\/explore360.jpg\",\"contentUrl\":\"https:\\\/\\\/explore360.nu\\\/wp-content\\\/uploads\\\/2020\\\/05\\\/explore360.jpg\",\"width\":1920,\"height\":1080,\"caption\":\"explore360\"},\"image\":{\"@id\":\"https:\\\/\\\/explore360.nu\\\/#\\\/schema\\\/logo\\\/image\\\/\"},\"sameAs\":[\"https:\\\/\\\/www.facebook.com\\\/explore360\\\/\",\"https:\\\/\\\/www.instagram.com\\\/explore36o\\\/\",\"https:\\\/\\\/www.linkedin.com\\\/in\\\/chris-wilthuis-800802a\\\/?trk=nav_responsive_tab_profile\",\"https:\\\/\\\/www.youtube.com\\\/channel\\\/UCjTAmMoiZ-FTskT6lQnFDag\"]}]}<\/script>\n<!-- \/ Yoast SEO plugin. -->","yoast_head_json":{"title":"Het team - Explore360\u00b0- Motorcycle Adventures","robots":{"index":"index","follow":"follow","max-snippet":"max-snippet:-1","max-image-preview":"max-image-preview:large","max-video-preview":"max-video-preview:-1"},"canonical":"https:\/\/explore360.nu\/nl\/over-ons\/","og_locale":"nl_NL","og_type":"article","og_title":"Het team - Explore360\u00b0- Motorcycle Adventures","og_description":"We delen de passie voor reizen op de motor en we zijn altijd op zoek naar nieuwe uitdagingen! Je kunt met ons mee voor een week of langer en ons doel is om je een echte overland-ervaring te geven: buiten de gebaande paden en vol avontuur! We geloven dat avontuur je leven veranderd! Motorrijden gaat [&hellip;]","og_url":"https:\/\/explore360.nu\/nl\/over-ons\/","og_site_name":"Explore360\u00b0- Motorcycle Adventures","article_publisher":"https:\/\/www.facebook.com\/explore360\/","article_modified_time":"2026-04-26T07:42:16+00:00","og_image":[{"width":3088,"height":2320,"url":"https:\/\/explore360.nu\/wp-content\/uploads\/2017\/11\/IMG_5056.jpg","type":"image\/jpeg"}],"twitter_card":"summary_large_image","twitter_misc":{"Geschatte leestijd":"8 minuten"},"schema":{"@context":"https:\/\/schema.org","@graph":[{"@type":"WebPage","@id":"https:\/\/explore360.nu\/nl\/over-ons\/","url":"https:\/\/explore360.nu\/nl\/over-ons\/","name":"Het team - Explore360\u00b0- Motorcycle Adventures","isPartOf":{"@id":"https:\/\/explore360.nu\/#website"},"primaryImageOfPage":{"@id":"https:\/\/explore360.nu\/nl\/over-ons\/#primaryimage"},"image":{"@id":"https:\/\/explore360.nu\/nl\/over-ons\/#primaryimage"},"thumbnailUrl":"https:\/\/explore360.nu\/wp-content\/uploads\/2017\/11\/IMG_5056.jpg","datePublished":"2016-06-27T11:23:20+00:00","dateModified":"2026-04-26T07:42:16+00:00","breadcrumb":{"@id":"https:\/\/explore360.nu\/nl\/over-ons\/#breadcrumb"},"inLanguage":"nl-NL","potentialAction":[{"@type":"ReadAction","target":["https:\/\/explore360.nu\/nl\/over-ons\/"]}]},{"@type":"ImageObject","inLanguage":"nl-NL","@id":"https:\/\/explore360.nu\/nl\/over-ons\/#primaryimage","url":"https:\/\/explore360.nu\/wp-content\/uploads\/2017\/11\/IMG_5056.jpg","contentUrl":"https:\/\/explore360.nu\/wp-content\/uploads\/2017\/11\/IMG_5056.jpg","width":3088,"height":2320},{"@type":"BreadcrumbList","@id":"https:\/\/explore360.nu\/nl\/over-ons\/#breadcrumb","itemListElement":[{"@type":"ListItem","position":1,"name":"Home","item":"https:\/\/explore360.nu\/nl\/"},{"@type":"ListItem","position":2,"name":"Het team"}]},{"@type":"WebSite","@id":"https:\/\/explore360.nu\/#website","url":"https:\/\/explore360.nu\/","name":"Explore360\u00b0- Motorcycle Adventures","description":"","publisher":{"@id":"https:\/\/explore360.nu\/#organization"},"potentialAction":[{"@type":"SearchAction","target":{"@type":"EntryPoint","urlTemplate":"https:\/\/explore360.nu\/?s={search_term_string}"},"query-input":{"@type":"PropertyValueSpecification","valueRequired":true,"valueName":"search_term_string"}}],"inLanguage":"nl-NL"},{"@type":"Organization","@id":"https:\/\/explore360.nu\/#organization","name":"explore360","url":"https:\/\/explore360.nu\/","logo":{"@type":"ImageObject","inLanguage":"nl-NL","@id":"https:\/\/explore360.nu\/#\/schema\/logo\/image\/","url":"https:\/\/explore360.nu\/wp-content\/uploads\/2020\/05\/explore360.jpg","contentUrl":"https:\/\/explore360.nu\/wp-content\/uploads\/2020\/05\/explore360.jpg","width":1920,"height":1080,"caption":"explore360"},"image":{"@id":"https:\/\/explore360.nu\/#\/schema\/logo\/image\/"},"sameAs":["https:\/\/www.facebook.com\/explore360\/","https:\/\/www.instagram.com\/explore36o\/","https:\/\/www.linkedin.com\/in\/chris-wilthuis-800802a\/?trk=nav_responsive_tab_profile","https:\/\/www.youtube.com\/channel\/UCjTAmMoiZ-FTskT6lQnFDag"]}]}},"_links":{"self":[{"href":"https:\/\/explore360.nu\/nl\/wp-json\/wp\/v2\/pages\/1311","targetHints":{"allow":["GET"]}}],"collection":[{"href":"https:\/\/explore360.nu\/nl\/wp-json\/wp\/v2\/pages"}],"about":[{"href":"https:\/\/explore360.nu\/nl\/wp-json\/wp\/v2\/types\/page"}],"author":[{"embeddable":true,"href":"https:\/\/explore360.nu\/nl\/wp-json\/wp\/v2\/users\/1"}],"replies":[{"embeddable":true,"href":"https:\/\/explore360.nu\/nl\/wp-json\/wp\/v2\/comments?post=1311"}],"version-history":[{"count":90,"href":"https:\/\/explore360.nu\/nl\/wp-json\/wp\/v2\/pages\/1311\/revisions"}],"predecessor-version":[{"id":4955,"href":"https:\/\/explore360.nu\/nl\/wp-json\/wp\/v2\/pages\/1311\/revisions\/4955"}],"wp:featuredmedia":[{"embeddable":true,"href":"https:\/\/explore360.nu\/nl\/wp-json\/wp\/v2\/media\/2443"}],"wp:attachment":[{"href":"https:\/\/explore360.nu\/nl\/wp-json\/wp\/v2\/media?parent=1311"}],"curies":[{"name":"wp","href":"https:\/\/api.w.org\/{rel}","templated":true}]}}