{"id":2373,"date":"2019-07-06T11:12:53","date_gmt":"2019-07-06T09:12:53","guid":{"rendered":"https:\/\/explore360.nu\/contact\/"},"modified":"2020-10-26T11:39:51","modified_gmt":"2020-10-26T10:39:51","slug":"contact","status":"publish","type":"page","link":"https:\/\/explore360.nu\/sv\/contact\/","title":{"rendered":"Kontakt"},"content":{"rendered":"<h3>Kontakt<\/h3>\n<p>Har du en specifik fr\u00e5ga? Eller \u00e4r n\u00e5gonting oklart?<br \/>\nTa g\u00e4rna kontakt med oss via telefon, e-mail eller fyll i formul\u00e4ret nedan.<\/p>\n<p>Vill du forts\u00e4tta att vara uppdaterad? Anm\u00e4l dig till v\u00e5rt nyhetsbrev nedan. Vi lovar att vi inte spammar dig ;) (max 1 g\u00e5ng\/m\u00e5nad)<\/p>\n<p>Vi ser fram emot att h\u00f6ra fr\u00e5n Dig!<\/p>\n<p><strong>Telefon:<\/strong> +46 &#8211; 720 150 570<br \/>\n<strong>E-mail:<\/strong> <a href=\"mailto:info@explore360.nu\" target=\"_blank\" rel=\"noopener noreferrer\">info@explore360.nu<\/a><br \/>\n<strong>Adress: <\/strong>Explore360\u00b0 AB, Kebelverksgata 22, 125 48 \u00c4lvsj\u00f6, Sverige<br \/>\n<strong>Organisation nummer:<\/strong> SE 556899-1417<\/p>\n","protected":false},"excerpt":{"rendered":"<p>Kontakt Har du en specifik fr\u00e5ga? Eller \u00e4r n\u00e5gonting oklart? Ta g\u00e4rna kontakt med oss via telefon, e-mail eller fyll i formul\u00e4ret nedan. Vill du forts\u00e4tta att vara uppdaterad? Anm\u00e4l dig till v\u00e5rt nyhetsbrev nedan. Vi lovar att vi inte spammar dig ;) (max 1 g\u00e5ng\/m\u00e5nad) Vi ser fram emot att h\u00f6ra fr\u00e5n Dig! Telefon: [&hellip;]<\/p>\n","protected":false},"author":4,"featured_media":0,"parent":0,"menu_order":0,"comment_status":"closed","ping_status":"closed","template":"contact.php","meta":{"_acf_changed":false,"footnotes":""},"class_list":["post-2373","page","type-page","status-publish","hentry"],"acf":[],"yoast_head":"<!-- This site is optimized with the Yoast SEO plugin v27.4 - https:\/\/yoast.com\/product\/yoast-seo-wordpress\/ -->\n<title>Kontakt - Explore360\u00b0- Motorcycle Adventures<\/title>\n<meta name=\"robots\" content=\"index, follow, max-snippet:-1, max-image-preview:large, max-video-preview:-1\" \/>\n<link rel=\"canonical\" href=\"https:\/\/explore360.nu\/sv\/contact\/\" \/>\n<meta property=\"og:locale\" content=\"sv_SE\" \/>\n<meta property=\"og:type\" content=\"article\" \/>\n<meta property=\"og:title\" content=\"Kontakt - Explore360\u00b0- Motorcycle Adventures\" \/>\n<meta property=\"og:description\" content=\"Kontakt Har du en specifik fr\u00e5ga? Eller \u00e4r n\u00e5gonting oklart? Ta g\u00e4rna kontakt med oss via telefon, e-mail eller fyll i formul\u00e4ret nedan. Vill du forts\u00e4tta att vara uppdaterad? Anm\u00e4l dig till v\u00e5rt nyhetsbrev nedan. Vi lovar att vi inte spammar dig ;) (max 1 g\u00e5ng\/m\u00e5nad) Vi ser fram emot att h\u00f6ra fr\u00e5n Dig! Telefon: [&hellip;]\" \/>\n<meta property=\"og:url\" content=\"https:\/\/explore360.nu\/sv\/contact\/\" \/>\n<meta property=\"og:site_name\" content=\"Explore360\u00b0- Motorcycle Adventures\" \/>\n<meta property=\"article:publisher\" content=\"https:\/\/www.facebook.com\/explore360\/\" \/>\n<meta property=\"article:modified_time\" content=\"2020-10-26T10:39:51+00:00\" \/>\n<meta property=\"og:image\" content=\"https:\/\/explore360.nu\/wp-content\/uploads\/2020\/05\/explore360.jpg\" \/>\n\t<meta property=\"og:image:width\" content=\"1920\" \/>\n\t<meta property=\"og:image:height\" content=\"1080\" \/>\n\t<meta property=\"og:image:type\" content=\"image\/jpeg\" \/>\n<meta name=\"twitter:card\" content=\"summary_large_image\" \/>\n<script type=\"application\/ld+json\" class=\"yoast-schema-graph\">{\"@context\":\"https:\\\/\\\/schema.org\",\"@graph\":[{\"@type\":\"WebPage\",\"@id\":\"https:\\\/\\\/explore360.nu\\\/sv\\\/contact\\\/\",\"url\":\"https:\\\/\\\/explore360.nu\\\/sv\\\/contact\\\/\",\"name\":\"Kontakt - Explore360\u00b0- Motorcycle Adventures\",\"isPartOf\":{\"@id\":\"https:\\\/\\\/explore360.nu\\\/#website\"},\"datePublished\":\"2019-07-06T09:12:53+00:00\",\"dateModified\":\"2020-10-26T10:39:51+00:00\",\"breadcrumb\":{\"@id\":\"https:\\\/\\\/explore360.nu\\\/sv\\\/contact\\\/#breadcrumb\"},\"inLanguage\":\"sv-SE\",\"potentialAction\":[{\"@type\":\"ReadAction\",\"target\":[\"https:\\\/\\\/explore360.nu\\\/sv\\\/contact\\\/\"]}]},{\"@type\":\"BreadcrumbList\",\"@id\":\"https:\\\/\\\/explore360.nu\\\/sv\\\/contact\\\/#breadcrumb\",\"itemListElement\":[{\"@type\":\"ListItem\",\"position\":1,\"name\":\"Home\",\"item\":\"https:\\\/\\\/explore360.nu\\\/sv\\\/\"},{\"@type\":\"ListItem\",\"position\":2,\"name\":\"Kontakt\"}]},{\"@type\":\"WebSite\",\"@id\":\"https:\\\/\\\/explore360.nu\\\/#website\",\"url\":\"https:\\\/\\\/explore360.nu\\\/\",\"name\":\"Explore360\u00b0- Motorcycle Adventures\",\"description\":\"\",\"publisher\":{\"@id\":\"https:\\\/\\\/explore360.nu\\\/#organization\"},\"potentialAction\":[{\"@type\":\"SearchAction\",\"target\":{\"@type\":\"EntryPoint\",\"urlTemplate\":\"https:\\\/\\\/explore360.nu\\\/?s={search_term_string}\"},\"query-input\":{\"@type\":\"PropertyValueSpecification\",\"valueRequired\":true,\"valueName\":\"search_term_string\"}}],\"inLanguage\":\"sv-SE\"},{\"@type\":\"Organization\",\"@id\":\"https:\\\/\\\/explore360.nu\\\/#organization\",\"name\":\"explore360\",\"url\":\"https:\\\/\\\/explore360.nu\\\/\",\"logo\":{\"@type\":\"ImageObject\",\"inLanguage\":\"sv-SE\",\"@id\":\"https:\\\/\\\/explore360.nu\\\/#\\\/schema\\\/logo\\\/image\\\/\",\"url\":\"https:\\\/\\\/explore360.nu\\\/wp-content\\\/uploads\\\/2020\\\/05\\\/explore360.jpg\",\"contentUrl\":\"https:\\\/\\\/explore360.nu\\\/wp-content\\\/uploads\\\/2020\\\/05\\\/explore360.jpg\",\"width\":1920,\"height\":1080,\"caption\":\"explore360\"},\"image\":{\"@id\":\"https:\\\/\\\/explore360.nu\\\/#\\\/schema\\\/logo\\\/image\\\/\"},\"sameAs\":[\"https:\\\/\\\/www.facebook.com\\\/explore360\\\/\",\"https:\\\/\\\/www.instagram.com\\\/explore36o\\\/\",\"https:\\\/\\\/www.linkedin.com\\\/in\\\/chris-wilthuis-800802a\\\/?trk=nav_responsive_tab_profile\",\"https:\\\/\\\/www.youtube.com\\\/channel\\\/UCjTAmMoiZ-FTskT6lQnFDag\"]}]}<\/script>\n<!-- \/ Yoast SEO plugin. -->","yoast_head_json":{"title":"Kontakt - Explore360\u00b0- Motorcycle Adventures","robots":{"index":"index","follow":"follow","max-snippet":"max-snippet:-1","max-image-preview":"max-image-preview:large","max-video-preview":"max-video-preview:-1"},"canonical":"https:\/\/explore360.nu\/sv\/contact\/","og_locale":"sv_SE","og_type":"article","og_title":"Kontakt - Explore360\u00b0- Motorcycle Adventures","og_description":"Kontakt Har du en specifik fr\u00e5ga? Eller \u00e4r n\u00e5gonting oklart? Ta g\u00e4rna kontakt med oss via telefon, e-mail eller fyll i formul\u00e4ret nedan. Vill du forts\u00e4tta att vara uppdaterad? Anm\u00e4l dig till v\u00e5rt nyhetsbrev nedan. Vi lovar att vi inte spammar dig ;) (max 1 g\u00e5ng\/m\u00e5nad) Vi ser fram emot att h\u00f6ra fr\u00e5n Dig! Telefon: [&hellip;]","og_url":"https:\/\/explore360.nu\/sv\/contact\/","og_site_name":"Explore360\u00b0- Motorcycle Adventures","article_publisher":"https:\/\/www.facebook.com\/explore360\/","article_modified_time":"2020-10-26T10:39:51+00:00","og_image":[{"width":1920,"height":1080,"url":"https:\/\/explore360.nu\/wp-content\/uploads\/2020\/05\/explore360.jpg","type":"image\/jpeg"}],"twitter_card":"summary_large_image","schema":{"@context":"https:\/\/schema.org","@graph":[{"@type":"WebPage","@id":"https:\/\/explore360.nu\/sv\/contact\/","url":"https:\/\/explore360.nu\/sv\/contact\/","name":"Kontakt - Explore360\u00b0- Motorcycle Adventures","isPartOf":{"@id":"https:\/\/explore360.nu\/#website"},"datePublished":"2019-07-06T09:12:53+00:00","dateModified":"2020-10-26T10:39:51+00:00","breadcrumb":{"@id":"https:\/\/explore360.nu\/sv\/contact\/#breadcrumb"},"inLanguage":"sv-SE","potentialAction":[{"@type":"ReadAction","target":["https:\/\/explore360.nu\/sv\/contact\/"]}]},{"@type":"BreadcrumbList","@id":"https:\/\/explore360.nu\/sv\/contact\/#breadcrumb","itemListElement":[{"@type":"ListItem","position":1,"name":"Home","item":"https:\/\/explore360.nu\/sv\/"},{"@type":"ListItem","position":2,"name":"Kontakt"}]},{"@type":"WebSite","@id":"https:\/\/explore360.nu\/#website","url":"https:\/\/explore360.nu\/","name":"Explore360\u00b0- Motorcycle Adventures","description":"","publisher":{"@id":"https:\/\/explore360.nu\/#organization"},"potentialAction":[{"@type":"SearchAction","target":{"@type":"EntryPoint","urlTemplate":"https:\/\/explore360.nu\/?s={search_term_string}"},"query-input":{"@type":"PropertyValueSpecification","valueRequired":true,"valueName":"search_term_string"}}],"inLanguage":"sv-SE"},{"@type":"Organization","@id":"https:\/\/explore360.nu\/#organization","name":"explore360","url":"https:\/\/explore360.nu\/","logo":{"@type":"ImageObject","inLanguage":"sv-SE","@id":"https:\/\/explore360.nu\/#\/schema\/logo\/image\/","url":"https:\/\/explore360.nu\/wp-content\/uploads\/2020\/05\/explore360.jpg","contentUrl":"https:\/\/explore360.nu\/wp-content\/uploads\/2020\/05\/explore360.jpg","width":1920,"height":1080,"caption":"explore360"},"image":{"@id":"https:\/\/explore360.nu\/#\/schema\/logo\/image\/"},"sameAs":["https:\/\/www.facebook.com\/explore360\/","https:\/\/www.instagram.com\/explore36o\/","https:\/\/www.linkedin.com\/in\/chris-wilthuis-800802a\/?trk=nav_responsive_tab_profile","https:\/\/www.youtube.com\/channel\/UCjTAmMoiZ-FTskT6lQnFDag"]}]}},"_links":{"self":[{"href":"https:\/\/explore360.nu\/sv\/wp-json\/wp\/v2\/pages\/2373","targetHints":{"allow":["GET"]}}],"collection":[{"href":"https:\/\/explore360.nu\/sv\/wp-json\/wp\/v2\/pages"}],"about":[{"href":"https:\/\/explore360.nu\/sv\/wp-json\/wp\/v2\/types\/page"}],"author":[{"embeddable":true,"href":"https:\/\/explore360.nu\/sv\/wp-json\/wp\/v2\/users\/4"}],"replies":[{"embeddable":true,"href":"https:\/\/explore360.nu\/sv\/wp-json\/wp\/v2\/comments?post=2373"}],"version-history":[{"count":9,"href":"https:\/\/explore360.nu\/sv\/wp-json\/wp\/v2\/pages\/2373\/revisions"}],"predecessor-version":[{"id":3348,"href":"https:\/\/explore360.nu\/sv\/wp-json\/wp\/v2\/pages\/2373\/revisions\/3348"}],"wp:attachment":[{"href":"https:\/\/explore360.nu\/sv\/wp-json\/wp\/v2\/media?parent=2373"}],"curies":[{"name":"wp","href":"https:\/\/api.w.org\/{rel}","templated":true}]}}