{"id":4403,"date":"2025-06-13T10:37:52","date_gmt":"2025-06-13T08:37:52","guid":{"rendered":"https:\/\/explore360.nu\/?page_id=4403"},"modified":"2025-06-13T10:37:52","modified_gmt":"2025-06-13T08:37:52","slug":"about-us-2","status":"publish","type":"page","link":"https:\/\/explore360.nu\/sv\/about-us-2\/","title":{"rendered":"Om oss"},"content":{"rendered":"<p><img loading=\"lazy\" decoding=\"async\" class=\"alignnone wp-image-64\" src=\"http:\/\/explore360.nu\/wp-content\/uploads\/2016\/06\/explore360_destination_01_11.png\" alt=\"explore360_destination_01_11\" width=\"77\" height=\"62\" \/>\u00a0V\u00e5r passion \u00e4r att resa p\u00e5 motorcykel och vi letar alltid efter nya omr\u00e5den att utforska. Oavsett om du best\u00e4mmer dig f\u00f6r att resa med oss i en vecka eller en l\u00e4ngre period; v\u00e5rt m\u00e5l \u00e4r alltid att ge dig en genuin upplevelse,\u00a0<em>off the beaten track and packed with adventure!<\/em><\/p>\n<p>Motorcykel\u00e5kning handlar om att skapa en k\u00e4nsla av ultimat frihet och flexibilitet. S\u00e5 under v\u00e5ra resor kan du f\u00f6lja reseledaren, men du kan ocks\u00e5 k\u00f6ra i din egen takt och best\u00e4mma sj\u00e4lv var och n\u00e4r du ska stanna f\u00f6r att fotografera. Vi har alltid en f\u00f6ljebil, s\u00e5 resten \u00e4r ordnat. S\u00e5 ingen oro \u00f6ver var du ska bo eller om n\u00e5got ska g\u00e5 fel.<\/p>\n<p>Ta inte v\u00e5rt ord f\u00f6r det. Bes\u00f6k v\u00e5r <span style=\"color: #c92424;\"><a style=\"color: #c92424;\" href=\"https:\/\/explore360.nu\/sv\/reviews\/\" target=\"_blank\" rel=\"noopener noreferrer\">recensioner<\/a><\/span> sida f\u00f6r att l\u00e4sa vad v\u00e5ra kunder s\u00e4ger om oss.<\/p>\n<p><a href=\"https:\/\/www.kammarkollegiet.se\/vara-tjanster\/resegaranti\/ansok-om-ersattning-ur-resegarantin\" target=\"_blank\" rel=\"noopener noreferrer\"><img loading=\"lazy\" decoding=\"async\" class=\"alignleft size-full wp-image-1065\" src=\"https:\/\/explore360.nu\/wp-content\/uploads\/2018\/01\/Screen-Shot-2018-01-16-at-12.01.39.png\" alt=\"\" width=\"190\" height=\"95\" \/><\/a><\/p>\n<p>&nbsp;<\/p>\n<p>&nbsp;<\/p>\n<p>&nbsp;<\/p>\n<p>Boka med s\u00e4kerhet &#8211; vi \u00e4r ett svenskt f\u00f6retag och dina pengar \u00e4r 100% garanterade genom att vi har st\u00e4llt <a href=\"https:\/\/www.kammarkollegiet.se\/vara-tjanster\/resegaranti\/ansok-om-ersattning-ur-resegarantin\" target=\"_blank\" rel=\"noopener noreferrer\"><span style=\"color: #800000;\"><span style=\"color: #c92424;\">resegaranti<\/span><\/span><\/a> enligt <a href=\"https:\/\/www.kammarkollegiet.se\/vara-tjanster\/resegaranti\/ansok-om-ersattning-ur-resegarantin\" target=\"_blank\" rel=\"noopener noreferrer\"><span style=\"color: #800000;\"><span style=\"color: #c92424;\">Kammarkollegiets<\/span><\/span><\/a> krav.<\/p>\n<p>&nbsp;<\/p>\n<h4><img loading=\"lazy\" decoding=\"async\" class=\"alignleft wp-image-1276 size-full\" src=\"https:\/\/explore360.nu\/wp-content\/uploads\/2018\/03\/Chris-Wilthuis_Guide-owner-Explore360\u00b0.jpg\" alt=\"\" width=\"962\" height=\"675\" srcset=\"https:\/\/explore360.nu\/wp-content\/uploads\/2018\/03\/Chris-Wilthuis_Guide-owner-Explore360\u00b0.jpg 962w, https:\/\/explore360.nu\/wp-content\/uploads\/2018\/03\/Chris-Wilthuis_Guide-owner-Explore360\u00b0-300x210.jpg 300w, https:\/\/explore360.nu\/wp-content\/uploads\/2018\/03\/Chris-Wilthuis_Guide-owner-Explore360\u00b0-768x539.jpg 768w, https:\/\/explore360.nu\/wp-content\/uploads\/2018\/03\/Chris-Wilthuis_Guide-owner-Explore360\u00b0-800x561.jpg 800w\" sizes=\"auto, (max-width: 962px) 100vw, 962px\" \/><\/h4>\n<h4>CHRIS WILTHUIS &#8211; GRUNDARE \/ TURLEDARE<\/h4>\n<p>Kombinerar tv\u00e5 passioner; att resa och att k\u00f6ra motorcykel. En oslagbar kombination som ledde mig till mer \u00e4n 60 l\u00e4nder p\u00e5 motorcykel de senaste femton \u00e5ren. K\u00e4nslan av frihet och att vara i nuet n\u00e4r min motorcykel, v\u00e4gen och omgivningen \u00e4r i harmoni med varandra, tycker jag mest om. Att resa betyder f\u00f6r mig att ut\u00f6ka min horisont, f\u00f6rdjupa mina perspektiv och m\u00f6ta det ok\u00e4nda och nya m\u00e4nniskor. Att uppleva ett brett utbud av kulturer, livsstilar, landskap och \u00e4ventyr, och naturligtvis att k\u00f6ra hoj!<\/p>\n<p>\u00c5r 2011 avslutade jag min 20-\u00e5riga\u00a0<span style=\"text-decoration: underline;\"><a href=\"https:\/\/www.linkedin.com\/in\/chris-wilthuis-800802a?trk=nav_responsive_tab_profile_pic\" target=\"_blank\" rel=\"noopener noreferrer\">karri\u00e4r som officer i Nederl\u00e4ndska flygvapnet\u00a0<\/a><\/span>och immigrerade till Sverige som k\u00e4rleksinvandrare. Bara 39 \u00e5r &#8221;ung&#8221; best\u00e4mde jag mig att ta chansen: att kombinera mina passioner med min tidigare yrkeserfarenhet i milit\u00e4ren, samt mer \u00e4n 20 \u00e5rs erfarenhet av att resa runt om i v\u00e4rlden. Hittills; inte en enda dag av \u00e5nger och bara mer ivrig att utforska de dolda p\u00e4rlorna p\u00e5 v\u00e5r vackra planet!<\/p>\n<h4>AARON MITCHEL &#8211; TURLEDARE<\/h4>\n<p><img loading=\"lazy\" decoding=\"async\" class=\"alignleft size-medium wp-image-1574\" src=\"https:\/\/explore360.nu\/wp-content\/uploads\/2018\/04\/Pic-Aaron-Mitchell-300x225.jpeg\" alt=\"\" width=\"300\" height=\"225\" srcset=\"https:\/\/explore360.nu\/wp-content\/uploads\/2018\/04\/Pic-Aaron-Mitchell-300x225.jpeg 300w, https:\/\/explore360.nu\/wp-content\/uploads\/2018\/04\/Pic-Aaron-Mitchell-768x576.jpeg 768w, https:\/\/explore360.nu\/wp-content\/uploads\/2018\/04\/Pic-Aaron-Mitchell-1024x768.jpeg 1024w, https:\/\/explore360.nu\/wp-content\/uploads\/2018\/04\/Pic-Aaron-Mitchell-800x600.jpeg 800w, https:\/\/explore360.nu\/wp-content\/uploads\/2018\/04\/Pic-Aaron-Mitchell-1280x960.jpeg 1280w\" sizes=\"auto, (max-width: 300px) 100vw, 300px\" \/>Hans passion f\u00f6r resor kom i ung \u00e5lder och det ledde honom att g\u00e5 med i den brittiska arm\u00e9n vid 18 \u00e5rs \u00e5lder. Hans arbetsliv ledde honom mycket utomlands att arbetar i olika l\u00e4nder som Irak, Kuwait och Afghanistan.<br \/>\nHan reste runt v\u00e4rlden p\u00e5 tv\u00e5 separata resor, senast p\u00e5 motorcykel, som han \u00e5terv\u00e4nde fr\u00e5n i 2017. Han l\u00e4mnade England och k\u00f6rde \u00f6st till Sibirien och Mongoliet, sedan \u00f6ver till Kanada och Sudamerika och \u00e5terv\u00e4nder tillbaka till Europa. Denna resa tog 505 dagar och fyllde totalt 5 200 mil .<br \/>\nN\u00e4r han inte finns p\u00e5 sin motorcykel kan du hitta honom ute i bergen att kl\u00e4ttra eller p\u00e5 snowboard. Han \u00e4r engelsk och en stor \u00e4lskare av te! Du kan f\u00f6lja hans v\/blogg <span style=\"color: #9c1e1e;\"><a style=\"color: #9c1e1e;\" href=\"http:\/\/www.aaronmitchell.net\/\" target=\"_blank\" rel=\"noopener noreferrer\">h\u00e4r &gt;&gt;&gt;<\/a><\/span><\/p>\n<h4>PAULI J\u00d8RGENSEN &#8211;\u00a0<strong>TURLEDARE<\/strong><\/h4>\n<p><img loading=\"lazy\" decoding=\"async\" class=\"alignleft wp-image-2736 size-medium\" src=\"https:\/\/explore360.nu\/wp-content\/uploads\/2020\/02\/Pauli-scaled-e1581262906204-272x300.jpg\" alt=\"\" width=\"272\" height=\"300\" srcset=\"https:\/\/explore360.nu\/wp-content\/uploads\/2020\/02\/Pauli-scaled-e1581262906204-272x300.jpg 272w, https:\/\/explore360.nu\/wp-content\/uploads\/2020\/02\/Pauli-scaled-e1581262906204-929x1024.jpg 929w, https:\/\/explore360.nu\/wp-content\/uploads\/2020\/02\/Pauli-scaled-e1581262906204-768x846.jpg 768w, https:\/\/explore360.nu\/wp-content\/uploads\/2020\/02\/Pauli-scaled-e1581262906204-1394x1536.jpg 1394w, https:\/\/explore360.nu\/wp-content\/uploads\/2020\/02\/Pauli-scaled-e1581262906204-726x800.jpg 726w, https:\/\/explore360.nu\/wp-content\/uploads\/2020\/02\/Pauli-scaled-e1581262906204-1161x1280.jpg 1161w, https:\/\/explore360.nu\/wp-content\/uploads\/2020\/02\/Pauli-scaled-e1581262906204.jpg 1811w\" sizes=\"auto, (max-width: 272px) 100vw, 272px\" \/><br \/>\nHan b\u00f6rjade sin \u00e4ventyrsmotorcykelkarri\u00e4r ganska tidigt. Vid 21 \u00e5rs \u00e5lder k\u00f6rde han den klassiska rutten genom Europa, Mellan\u00f6stern, Indien genom Sydostasien och hela v\u00e4gen till Australien. Sedan dess har motorcykelk\u00f6rningen varit hans favorits\u00e4tt att resa.<\/p>\n<p>Efter det har han k\u00f6rt fr\u00e5n Danmark till Kapstaden i Sydafrika och tillbaka, de gamla Paris-Dakar-v\u00e4garna genom V\u00e4stafrika och naturligtvis i V\u00e4steuropa, Balkan, \u00d6steuropa och Skandinavien mer \u00e4n en g\u00e5ng.<\/p>\n<p>Han har varit certifierad BMW Motorrad offroad instrukt\u00f6r sedan 2014 och ger offroad-kurser i Danmark varje \u00e5r. S\u00e4tt honom p\u00e5 en motorcykel i n\u00e5gon varierad \/ sv\u00e5r terr\u00e4ng i gott s\u00e4llskap och du kommer inte att h\u00f6ra n\u00e5gra klagom\u00e5l. Motorcyklar, resa och tr\u00e4ffa m\u00e4nniskor \u00e4r det han tycker mest om.<\/p>\n<h4>ELVING SOLLI &#8211; TURLEDARE NORGE<\/h4>\n<p><img loading=\"lazy\" decoding=\"async\" class=\"alignleft size-medium wp-image-959\" src=\"https:\/\/explore360.nu\/wp-content\/uploads\/2017\/11\/Elving-Solli-300x254.jpg\" alt=\"\" width=\"300\" height=\"254\" srcset=\"https:\/\/explore360.nu\/wp-content\/uploads\/2017\/11\/Elving-Solli-300x254.jpg 300w, https:\/\/explore360.nu\/wp-content\/uploads\/2017\/11\/Elving-Solli-768x649.jpg 768w, https:\/\/explore360.nu\/wp-content\/uploads\/2017\/11\/Elving-Solli-1024x865.jpg 1024w, https:\/\/explore360.nu\/wp-content\/uploads\/2017\/11\/Elving-Solli-800x676.jpg 800w, https:\/\/explore360.nu\/wp-content\/uploads\/2017\/11\/Elving-Solli.jpg 1097w\" sizes=\"auto, (max-width: 300px) 100vw, 300px\" \/><\/p>\n<p>En grusguru och en legend i Sverige och Norge bland terr\u00e4ngentusiaster! Han arbetade i m\u00e5nga \u00e5r f\u00f6r SMC, Svenska Motorcykelf\u00f6rbundet, som turguide och journalist f\u00f6r motorcykelblad. Han spenderar sin tid idag med familj och barnbarn, med att fiskar och att k\u00f6ra\u00a0 hela \u00e5ret(sj\u00e4lvklart) runt p\u00e5 en av sina motorcyklar.<\/p>\n<p>Med mer \u00e4n 40 \u00e5rs erfarenhet av grusk\u00f6rning i Sverige och Norge vet han vad grus handlar om som ingen annan. Det finns inga hemliga sp\u00e5r, vattenpassager eller grusv\u00e4gar f\u00f6r honom i Sverige och Norge.<\/p>\n<p>Succ\u00e9s \u00e4r garanterad!<\/p>\n<h4><\/h4>\n<h4><strong>JON HALVARSSON \u2013 TURLEDARE<\/strong><\/h4>\n<p><img loading=\"lazy\" decoding=\"async\" class=\"alignleft wp-image-952\" src=\"http:\/\/explore360.nu\/wp-content\/uploads\/2017\/11\/Jon-Halvarsson-guide-298x300-298x300.jpg\" alt=\"\" width=\"300\" height=\"302\" \/><\/p>\n<p>Jon har gjort allt fr\u00e5n att vara \u00e4gare till en pepparkaksfabrik till gruvindustrin. Han har stor erfarenhet av den svenska industrin fr\u00e5n olika ledande befattningar. Han l\u00e4rde sig att g\u00e5 p\u00e5 grus uppe i norra Sverige, men han \u00e4r \u00e4nnu sv\u00e5rare att sl\u00e5 p\u00e5 asfalten. P\u00e5 racebanan \u00e4r han \u00e4nnu snabbare och det \u00e4r hans riktiga passion!<\/p>\n<p>Sedan han gick i pension tidigt blev han slagen av &#8221;resefebern&#8221;. \u00c5r 2014 k\u00f6rde han med tre andra killar p\u00e5 motorcyklar fr\u00e5n Sverige via Kina till Thailand i tre m\u00e5nader. D\u00e4refter f\u00f6ljt av Kenya &amp; Tanzania, Marocko, Spanien, Norge och Island. Nuf\u00f6rtiden delar han sin tid mellan sina barnbarn, bank\u00f6rning, enduro k\u00f6rning, jakt, fiske och arbetet som turledare.<\/p>\n<h4><\/h4>\n<h4><strong>JES BUUS &#8211; TURLEDARE<\/strong><\/h4>\n<p class=\"p1\"><a href=\"http:\/\/explore360.nu\/wp-content\/uploads\/2016\/06\/The-viking_Jes-Buus.jpg\"><img loading=\"lazy\" decoding=\"async\" class=\"alignleft wp-image-134\" src=\"http:\/\/explore360.nu\/wp-content\/uploads\/2016\/06\/The-viking_Jes-Buus-300x225.jpg\" alt=\"The viking_Jes Buus\" width=\"300\" height=\"225\" srcset=\"https:\/\/explore360.nu\/wp-content\/uploads\/2016\/06\/The-viking_Jes-Buus-300x225.jpg 300w, https:\/\/explore360.nu\/wp-content\/uploads\/2016\/06\/The-viking_Jes-Buus-768x576.jpg 768w, https:\/\/explore360.nu\/wp-content\/uploads\/2016\/06\/The-viking_Jes-Buus-1024x768.jpg 1024w, https:\/\/explore360.nu\/wp-content\/uploads\/2016\/06\/The-viking_Jes-Buus-800x600.jpg 800w, https:\/\/explore360.nu\/wp-content\/uploads\/2016\/06\/The-viking_Jes-Buus.jpg 1179w\" sizes=\"auto, (max-width: 300px) 100vw, 300px\" \/><\/a><\/p>\n<p>Jes \u00e4r en tv\u00e5 meter l\u00e5ng viking fr\u00e5n Danmark. Han \u00e4lskar naturen och de utmaningar den ger, det spelar ingen roll om han vandrar, k\u00f6r motorcykel, paddlar kajak eller cyklar. Han \u00e4lskar att vara kring positiva m\u00e4nniskor som alltid kan g\u00f6ra det b\u00e4sta av saker.<\/p>\n<p>Han \u00e4r sn\u00e4ll och ler ofta, men m\u00e5nga \u00e5r i milit\u00e4ren och polisen har ocks\u00e5 l\u00e4rt honom att fast ledarskap kan vara n\u00f6dv\u00e4ndigt f\u00f6r att f\u00e5 saker att h\u00e4nda. Fyrtio \u00e5r p\u00e5 motorcyklar och ett liv med allvarliga personliga erfarenheter fr\u00e5n vad en motorcykel kan orsaka g\u00f6r honom omh\u00e4ndertagande och uppm\u00e4rksam p\u00e5 de mer os\u00e4kra och otr\u00e4nade i gruppen. Han hatar matlagning men han \u00e4lskar en god whisky.<\/p>\n<h4><\/h4>\n<h4>SVERRIR THORSTEINSSON &#8211; TURLEDARE<\/h4>\n<p><img loading=\"lazy\" decoding=\"async\" class=\"alignleft wp-image-956 size-full\" src=\"http:\/\/explore360.nu\/wp-content\/uploads\/2017\/11\/Sverrir-pic-300x300.jpg\" alt=\"Sverrir\" width=\"300\" height=\"300\" srcset=\"https:\/\/explore360.nu\/wp-content\/uploads\/2017\/11\/Sverrir-pic-300x300.jpg 300w, https:\/\/explore360.nu\/wp-content\/uploads\/2017\/11\/Sverrir-pic-300x300-150x150.jpg 150w\" sizes=\"auto, (max-width: 300px) 100vw, 300px\" \/>I sitt vanliga jobb g\u00e5r han runt som &#8221;<em>The Happy Boss<\/em>&#8221;, \u00e4gare till\u00a0<span style=\"text-decoration: underline;\"><a href=\"https:\/\/www.happycampers.is\/\" target=\"_blank\" rel=\"noopener noreferrer\">Happy Campers<\/a><\/span>, det st\u00f6rsta husbilsuthyrningsf\u00f6retaget p\u00e5 Island. Men hans riktiga passion \u00e4r motorcykelk\u00f6rning!<\/p>\n<p>Tillsammans med sin bror k\u00f6rde han redan runt v\u00e4rlden tv\u00e5 g\u00e5nger. F\u00f6rst genom Ryssland och tillbaka via USA. Andra g\u00e5ngen fr\u00e5n Alaska hela v\u00e4gen till Ushuaia i Patagonien.<\/p>\n<p>Det finns inget h\u00f6rn kvar p\u00e5 Island som han \u00e4nnu inte har uppt\u00e4ckt p\u00e5 sin motorcykel! Han \u00e4r alltid redo f\u00f6r \u00e4ventyr och f\u00f6rutom det, en riktigt bra kock.<\/p>\n<p>S\u00e5 du har tur n\u00e4r han f\u00f6ljer med p\u00e5 resan!<\/p>\n<p>&nbsp;<\/p>\n<h4><\/h4>\n<h4>ANNA BJ\u00d6RSSON &#8211; SUPPORT<\/h4>\n<p><img loading=\"lazy\" decoding=\"async\" class=\"alignleft size-medium wp-image-1514\" src=\"https:\/\/explore360.nu\/wp-content\/uploads\/2018\/03\/Anna-website-300x200.jpg\" alt=\"\" width=\"300\" height=\"200\" srcset=\"https:\/\/explore360.nu\/wp-content\/uploads\/2018\/03\/Anna-website-300x200.jpg 300w, https:\/\/explore360.nu\/wp-content\/uploads\/2018\/03\/Anna-website-768x512.jpg 768w, https:\/\/explore360.nu\/wp-content\/uploads\/2018\/03\/Anna-website-1024x683.jpg 1024w, https:\/\/explore360.nu\/wp-content\/uploads\/2018\/03\/Anna-website-800x534.jpg 800w, https:\/\/explore360.nu\/wp-content\/uploads\/2018\/03\/Anna-website-1280x854.jpg 1280w, https:\/\/explore360.nu\/wp-content\/uploads\/2018\/03\/Anna-website.jpg 2048w\" sizes=\"auto, (max-width: 300px) 100vw, 300px\" \/>Anna har alltid gillat att resa! Men med Chris introducerades hon i\u00a0 motorcykelv\u00e4rlden. Detta gav en annan dimension i att utforska v\u00e4rlden. Oavsett om det \u00e4r f\u00f6r hennes arbete eller som n\u00f6je: att resa berikar henne! Sedan Chris och Annas sex m\u00e5nader l\u00e5nga resor genom Nord-, Central- och Sydamerika p\u00e5 deras motorcyklar \u00e4r Anna \u00f6vertygad om att k\u00f6ra motorcykel \u00e4r det b\u00e4sta s\u00e4ttet att uppt\u00e4cka planet p\u00e5. S\u00e5, s\u00e5 ofta som m\u00f6jligt kommer hon att f\u00f6lja med som support eller som en av deltagarna.<\/p>\n<h4><\/h4>\n<h4><\/h4>\n<h4>LOKALA GUIDER &#8211; LOKALA \u00d6VERNATTNINGAR &#8211; LOKALA SUPPORT G\u00c4NG<\/h4>\n<p><img loading=\"lazy\" decoding=\"async\" class=\"alignleft size-medium wp-image-1294\" src=\"https:\/\/explore360.nu\/wp-content\/uploads\/2018\/03\/Screen-Shot-2018-03-01-at-18.38.06-300x241.png\" alt=\"\" width=\"300\" height=\"241\" \/><\/p>\n<p>Genom att anv\u00e4nda lokala guider och sm\u00e5 lokala f\u00f6retag och boenden f\u00f6rs\u00f6ker vi stimulera den lokal ekonomin s\u00e5 mycket som m\u00f6jligt. Och inte bara det: de har ofta mycket st\u00f6rre kunskap om omr\u00e5det som vi utforska! Det ger oss en \u00e4nnu b\u00e4ttre upplevelse!<\/p>\n<p>Till exempel arbetar vi tillsammans med den i Marocko v\u00e4lk\u00e4nda <em>Noureddine Said<\/em> (han har sitt eget MC-uthyrningsf\u00f6retag). Han k\u00f6r f\u00f6ljebilen och tar hand om v\u00e5ra motorcyklar. Dessutom k\u00e4nner han Marocko som ingen annan!<\/p>\n","protected":false},"excerpt":{"rendered":"<p>\u00a0V\u00e5r passion \u00e4r att resa p\u00e5 motorcykel och vi letar alltid efter nya omr\u00e5den att utforska. Oavsett om du best\u00e4mmer dig f\u00f6r att resa med oss i en vecka eller en l\u00e4ngre period; v\u00e5rt m\u00e5l \u00e4r alltid att ge dig en genuin upplevelse,\u00a0off the beaten track and packed with adventure! Motorcykel\u00e5kning handlar om att skapa [&hellip;]<\/p>\n","protected":false},"author":3,"featured_media":2460,"parent":0,"menu_order":0,"comment_status":"closed","ping_status":"closed","template":"","meta":{"_acf_changed":false,"footnotes":""},"class_list":["post-4403","page","type-page","status-publish","has-post-thumbnail","hentry"],"acf":[],"yoast_head":"<!-- This site is optimized with the Yoast SEO plugin v27.4 - https:\/\/yoast.com\/product\/yoast-seo-wordpress\/ -->\n<title>Om oss - Explore360\u00b0- Motorcycle Adventures<\/title>\n<meta name=\"robots\" content=\"index, follow, max-snippet:-1, max-image-preview:large, max-video-preview:-1\" \/>\n<link rel=\"canonical\" href=\"https:\/\/explore360.nu\/sv\/about-us-2\/\" \/>\n<meta property=\"og:locale\" content=\"sv_SE\" \/>\n<meta property=\"og:type\" content=\"article\" \/>\n<meta property=\"og:title\" content=\"Om oss - Explore360\u00b0- Motorcycle Adventures\" \/>\n<meta property=\"og:description\" content=\"\u00a0V\u00e5r passion \u00e4r att resa p\u00e5 motorcykel och vi letar alltid efter nya omr\u00e5den att utforska. Oavsett om du best\u00e4mmer dig f\u00f6r att resa med oss i en vecka eller en l\u00e4ngre period; v\u00e5rt m\u00e5l \u00e4r alltid att ge dig en genuin upplevelse,\u00a0off the beaten track and packed with adventure! Motorcykel\u00e5kning handlar om att skapa [&hellip;]\" \/>\n<meta property=\"og:url\" content=\"https:\/\/explore360.nu\/sv\/about-us-2\/\" \/>\n<meta property=\"og:site_name\" content=\"Explore360\u00b0- Motorcycle Adventures\" \/>\n<meta property=\"article:publisher\" content=\"https:\/\/www.facebook.com\/explore360\/\" \/>\n<meta property=\"og:image\" content=\"https:\/\/explore360.nu\/wp-content\/uploads\/2017\/11\/IMG_5056.jpg\" \/>\n\t<meta property=\"og:image:width\" content=\"3088\" \/>\n\t<meta property=\"og:image:height\" content=\"2320\" \/>\n\t<meta property=\"og:image:type\" content=\"image\/jpeg\" \/>\n<meta name=\"twitter:card\" content=\"summary_large_image\" \/>\n<meta name=\"twitter:label1\" content=\"Ber\u00e4knad l\u00e4stid\" \/>\n\t<meta name=\"twitter:data1\" content=\"8 minuter\" \/>\n<script type=\"application\/ld+json\" class=\"yoast-schema-graph\">{\"@context\":\"https:\\\/\\\/schema.org\",\"@graph\":[{\"@type\":\"WebPage\",\"@id\":\"https:\\\/\\\/explore360.nu\\\/sv\\\/about-us-2\\\/\",\"url\":\"https:\\\/\\\/explore360.nu\\\/sv\\\/about-us-2\\\/\",\"name\":\"Om oss - Explore360\u00b0- Motorcycle Adventures\",\"isPartOf\":{\"@id\":\"https:\\\/\\\/explore360.nu\\\/#website\"},\"primaryImageOfPage\":{\"@id\":\"https:\\\/\\\/explore360.nu\\\/sv\\\/about-us-2\\\/#primaryimage\"},\"image\":{\"@id\":\"https:\\\/\\\/explore360.nu\\\/sv\\\/about-us-2\\\/#primaryimage\"},\"thumbnailUrl\":\"https:\\\/\\\/explore360.nu\\\/wp-content\\\/uploads\\\/2017\\\/11\\\/IMG_5056.jpg\",\"datePublished\":\"2025-06-13T08:37:52+00:00\",\"breadcrumb\":{\"@id\":\"https:\\\/\\\/explore360.nu\\\/sv\\\/about-us-2\\\/#breadcrumb\"},\"inLanguage\":\"sv-SE\",\"potentialAction\":[{\"@type\":\"ReadAction\",\"target\":[\"https:\\\/\\\/explore360.nu\\\/sv\\\/about-us-2\\\/\"]}]},{\"@type\":\"ImageObject\",\"inLanguage\":\"sv-SE\",\"@id\":\"https:\\\/\\\/explore360.nu\\\/sv\\\/about-us-2\\\/#primaryimage\",\"url\":\"https:\\\/\\\/explore360.nu\\\/wp-content\\\/uploads\\\/2017\\\/11\\\/IMG_5056.jpg\",\"contentUrl\":\"https:\\\/\\\/explore360.nu\\\/wp-content\\\/uploads\\\/2017\\\/11\\\/IMG_5056.jpg\",\"width\":3088,\"height\":2320},{\"@type\":\"BreadcrumbList\",\"@id\":\"https:\\\/\\\/explore360.nu\\\/sv\\\/about-us-2\\\/#breadcrumb\",\"itemListElement\":[{\"@type\":\"ListItem\",\"position\":1,\"name\":\"Home\",\"item\":\"https:\\\/\\\/explore360.nu\\\/sv\\\/\"},{\"@type\":\"ListItem\",\"position\":2,\"name\":\"Om oss\"}]},{\"@type\":\"WebSite\",\"@id\":\"https:\\\/\\\/explore360.nu\\\/#website\",\"url\":\"https:\\\/\\\/explore360.nu\\\/\",\"name\":\"Explore360\u00b0- Motorcycle Adventures\",\"description\":\"\",\"publisher\":{\"@id\":\"https:\\\/\\\/explore360.nu\\\/#organization\"},\"potentialAction\":[{\"@type\":\"SearchAction\",\"target\":{\"@type\":\"EntryPoint\",\"urlTemplate\":\"https:\\\/\\\/explore360.nu\\\/?s={search_term_string}\"},\"query-input\":{\"@type\":\"PropertyValueSpecification\",\"valueRequired\":true,\"valueName\":\"search_term_string\"}}],\"inLanguage\":\"sv-SE\"},{\"@type\":\"Organization\",\"@id\":\"https:\\\/\\\/explore360.nu\\\/#organization\",\"name\":\"explore360\",\"url\":\"https:\\\/\\\/explore360.nu\\\/\",\"logo\":{\"@type\":\"ImageObject\",\"inLanguage\":\"sv-SE\",\"@id\":\"https:\\\/\\\/explore360.nu\\\/#\\\/schema\\\/logo\\\/image\\\/\",\"url\":\"https:\\\/\\\/explore360.nu\\\/wp-content\\\/uploads\\\/2020\\\/05\\\/explore360.jpg\",\"contentUrl\":\"https:\\\/\\\/explore360.nu\\\/wp-content\\\/uploads\\\/2020\\\/05\\\/explore360.jpg\",\"width\":1920,\"height\":1080,\"caption\":\"explore360\"},\"image\":{\"@id\":\"https:\\\/\\\/explore360.nu\\\/#\\\/schema\\\/logo\\\/image\\\/\"},\"sameAs\":[\"https:\\\/\\\/www.facebook.com\\\/explore360\\\/\",\"https:\\\/\\\/www.instagram.com\\\/explore36o\\\/\",\"https:\\\/\\\/www.linkedin.com\\\/in\\\/chris-wilthuis-800802a\\\/?trk=nav_responsive_tab_profile\",\"https:\\\/\\\/www.youtube.com\\\/channel\\\/UCjTAmMoiZ-FTskT6lQnFDag\"]}]}<\/script>\n<!-- \/ Yoast SEO plugin. -->","yoast_head_json":{"title":"Om oss - Explore360\u00b0- Motorcycle Adventures","robots":{"index":"index","follow":"follow","max-snippet":"max-snippet:-1","max-image-preview":"max-image-preview:large","max-video-preview":"max-video-preview:-1"},"canonical":"https:\/\/explore360.nu\/sv\/about-us-2\/","og_locale":"sv_SE","og_type":"article","og_title":"Om oss - Explore360\u00b0- Motorcycle Adventures","og_description":"\u00a0V\u00e5r passion \u00e4r att resa p\u00e5 motorcykel och vi letar alltid efter nya omr\u00e5den att utforska. Oavsett om du best\u00e4mmer dig f\u00f6r att resa med oss i en vecka eller en l\u00e4ngre period; v\u00e5rt m\u00e5l \u00e4r alltid att ge dig en genuin upplevelse,\u00a0off the beaten track and packed with adventure! Motorcykel\u00e5kning handlar om att skapa [&hellip;]","og_url":"https:\/\/explore360.nu\/sv\/about-us-2\/","og_site_name":"Explore360\u00b0- Motorcycle Adventures","article_publisher":"https:\/\/www.facebook.com\/explore360\/","og_image":[{"width":3088,"height":2320,"url":"https:\/\/explore360.nu\/wp-content\/uploads\/2017\/11\/IMG_5056.jpg","type":"image\/jpeg"}],"twitter_card":"summary_large_image","twitter_misc":{"Ber\u00e4knad l\u00e4stid":"8 minuter"},"schema":{"@context":"https:\/\/schema.org","@graph":[{"@type":"WebPage","@id":"https:\/\/explore360.nu\/sv\/about-us-2\/","url":"https:\/\/explore360.nu\/sv\/about-us-2\/","name":"Om oss - Explore360\u00b0- Motorcycle Adventures","isPartOf":{"@id":"https:\/\/explore360.nu\/#website"},"primaryImageOfPage":{"@id":"https:\/\/explore360.nu\/sv\/about-us-2\/#primaryimage"},"image":{"@id":"https:\/\/explore360.nu\/sv\/about-us-2\/#primaryimage"},"thumbnailUrl":"https:\/\/explore360.nu\/wp-content\/uploads\/2017\/11\/IMG_5056.jpg","datePublished":"2025-06-13T08:37:52+00:00","breadcrumb":{"@id":"https:\/\/explore360.nu\/sv\/about-us-2\/#breadcrumb"},"inLanguage":"sv-SE","potentialAction":[{"@type":"ReadAction","target":["https:\/\/explore360.nu\/sv\/about-us-2\/"]}]},{"@type":"ImageObject","inLanguage":"sv-SE","@id":"https:\/\/explore360.nu\/sv\/about-us-2\/#primaryimage","url":"https:\/\/explore360.nu\/wp-content\/uploads\/2017\/11\/IMG_5056.jpg","contentUrl":"https:\/\/explore360.nu\/wp-content\/uploads\/2017\/11\/IMG_5056.jpg","width":3088,"height":2320},{"@type":"BreadcrumbList","@id":"https:\/\/explore360.nu\/sv\/about-us-2\/#breadcrumb","itemListElement":[{"@type":"ListItem","position":1,"name":"Home","item":"https:\/\/explore360.nu\/sv\/"},{"@type":"ListItem","position":2,"name":"Om oss"}]},{"@type":"WebSite","@id":"https:\/\/explore360.nu\/#website","url":"https:\/\/explore360.nu\/","name":"Explore360\u00b0- Motorcycle Adventures","description":"","publisher":{"@id":"https:\/\/explore360.nu\/#organization"},"potentialAction":[{"@type":"SearchAction","target":{"@type":"EntryPoint","urlTemplate":"https:\/\/explore360.nu\/?s={search_term_string}"},"query-input":{"@type":"PropertyValueSpecification","valueRequired":true,"valueName":"search_term_string"}}],"inLanguage":"sv-SE"},{"@type":"Organization","@id":"https:\/\/explore360.nu\/#organization","name":"explore360","url":"https:\/\/explore360.nu\/","logo":{"@type":"ImageObject","inLanguage":"sv-SE","@id":"https:\/\/explore360.nu\/#\/schema\/logo\/image\/","url":"https:\/\/explore360.nu\/wp-content\/uploads\/2020\/05\/explore360.jpg","contentUrl":"https:\/\/explore360.nu\/wp-content\/uploads\/2020\/05\/explore360.jpg","width":1920,"height":1080,"caption":"explore360"},"image":{"@id":"https:\/\/explore360.nu\/#\/schema\/logo\/image\/"},"sameAs":["https:\/\/www.facebook.com\/explore360\/","https:\/\/www.instagram.com\/explore36o\/","https:\/\/www.linkedin.com\/in\/chris-wilthuis-800802a\/?trk=nav_responsive_tab_profile","https:\/\/www.youtube.com\/channel\/UCjTAmMoiZ-FTskT6lQnFDag"]}]}},"_links":{"self":[{"href":"https:\/\/explore360.nu\/sv\/wp-json\/wp\/v2\/pages\/4403","targetHints":{"allow":["GET"]}}],"collection":[{"href":"https:\/\/explore360.nu\/sv\/wp-json\/wp\/v2\/pages"}],"about":[{"href":"https:\/\/explore360.nu\/sv\/wp-json\/wp\/v2\/types\/page"}],"author":[{"embeddable":true,"href":"https:\/\/explore360.nu\/sv\/wp-json\/wp\/v2\/users\/3"}],"replies":[{"embeddable":true,"href":"https:\/\/explore360.nu\/sv\/wp-json\/wp\/v2\/comments?post=4403"}],"version-history":[{"count":1,"href":"https:\/\/explore360.nu\/sv\/wp-json\/wp\/v2\/pages\/4403\/revisions"}],"predecessor-version":[{"id":4711,"href":"https:\/\/explore360.nu\/sv\/wp-json\/wp\/v2\/pages\/4403\/revisions\/4711"}],"wp:featuredmedia":[{"embeddable":true,"href":"https:\/\/explore360.nu\/sv\/wp-json\/wp\/v2\/media\/2460"}],"wp:attachment":[{"href":"https:\/\/explore360.nu\/sv\/wp-json\/wp\/v2\/media?parent=4403"}],"curies":[{"name":"wp","href":"https:\/\/api.w.org\/{rel}","templated":true}]}}